{"id":149,"date":"2025-03-24T17:40:49","date_gmt":"2025-03-24T17:40:49","guid":{"rendered":"https:\/\/lade.websitesunum.com.tr\/?page_id=149"},"modified":"2025-03-24T17:46:25","modified_gmt":"2025-03-24T17:46:25","slug":"a-propos-de-nous","status":"publish","type":"page","link":"https:\/\/lade.websitesunum.com.tr\/nl\/a-propos-de-nous\/","title":{"rendered":"OVER ONS"},"content":{"rendered":"<div class=\"wpb-content-wrapper\"><div class=\"vc_row wpb_row vc_row-fluid\"><div class=\"wpb_column vc_column_container vc_col-sm-12\"><div class=\"vc_column-inner\"><div class=\"wpb_wrapper\">\n\t<div class=\"wpb_text_column wpb_content_element\" >\n\t\t<div class=\"wpb_wrapper\">\n\t\t\t<h2 data-start=\"86\" data-end=\"399\">OVER ONS<\/h2>\n<p class=\"\" data-start=\"86\" data-end=\"399\">Fond\u00e9e avec l\u2019ambition de devenir une r\u00e9f\u00e9rence dans le secteur, <strong data-start=\"174\" data-end=\"190\">LadeMobilier<\/strong> se sp\u00e9cialise dans la conception et la distribution de lits, bases, t\u00eates de lit, matelas et mobilier en France. Notre entreprise repose sur une expertise reconnue et un engagement constant envers la qualit\u00e9.<\/p>\n<p class=\"\" data-start=\"401\" data-end=\"681\"><strong data-start=\"401\" data-end=\"417\">Notre Vision<\/strong><br data-start=\"417\" data-end=\"420\" \/>Nous aspirons \u00e0 transformer chaque espace de vie en un environnement harmonieux o\u00f9 design moderne et fonctionnalit\u00e9 se rencontrent. Nous visons \u00e0 offrir des solutions de mobilier innovantes qui r\u00e9pondent aux exigences du march\u00e9 et favorisent un confort durable.<\/p>\n<p class=\"\" data-start=\"683\" data-end=\"863\"><strong data-start=\"683\" data-end=\"700\">Notre Mission<\/strong><br data-start=\"700\" data-end=\"703\" \/>Notre mission est de fournir des produits haut de gamme, \u00e9labor\u00e9s selon des normes strictes de qualit\u00e9 et d\u2019innovation. Pour ce faire, nous nous engageons \u00e0 :<\/p>\n<ul data-start=\"864\" data-end=\"1060\">\n<li class=\"\" data-start=\"864\" data-end=\"955\">\n<p class=\"\" data-start=\"866\" data-end=\"955\">Investir dans la recherche et le d\u00e9veloppement pour int\u00e9grer des technologies avanc\u00e9es,<\/p>\n<\/li>\n<li class=\"\" data-start=\"956\" data-end=\"1005\">\n<p class=\"\" data-start=\"958\" data-end=\"1005\">Utiliser des mat\u00e9riaux durables et certifi\u00e9s,<\/p>\n<\/li>\n<li class=\"\" data-start=\"1006\" data-end=\"1060\">\n<p class=\"\" data-start=\"1008\" data-end=\"1060\">Proposer un service client rigoureux et transparent.<\/p>\n<\/li>\n<\/ul>\n\n\t\t<\/div>\n\t<\/div>\n<div class=\"vc_row wpb_row vc_inner vc_row-fluid\"><div class=\"wpb_column vc_column_container vc_col-sm-4\"><div class=\"vc_column-inner\"><div class=\"wpb_wrapper\"><\/div><\/div><\/div><div class=\"wpb_column vc_column_container vc_col-sm-4\"><div class=\"vc_column-inner\"><div class=\"wpb_wrapper\">\t\t<div id=\"wd-67e19a53d9ea3\" class=\"wd-image wd-wpb wd-rs-67e19a53d9ea3 text-center\">\n\t\t\t\n\t\t\t<img decoding=\"async\"  src=\"https:\/\/lade.websitesunum.com.tr\/wp-content\/uploads\/2025\/03\/lade-logo.svg\" title=\"lade logo\" loading=\"lazy\" width=\"3000\" height=\"3000\">\n\t\t\t\t\t<\/div>\n\t\t<\/div><\/div><\/div><div class=\"wpb_column vc_column_container vc_col-sm-4\"><div class=\"vc_column-inner\"><div class=\"wpb_wrapper\"><\/div><\/div><\/div><\/div><\/div><\/div><\/div><\/div>\n<\/div>","protected":false},"excerpt":{"rendered":"\u00c0 PROPOS DE NOUS Fond\u00e9e avec l\u2019ambition de devenir une r\u00e9f\u00e9rence dans le secteur, LadeMobilier se sp\u00e9cialise dans la conception","protected":false},"author":1,"featured_media":0,"parent":0,"menu_order":0,"comment_status":"closed","ping_status":"closed","template":"","meta":{"footnotes":""},"class_list":["post-149","page","type-page","status-publish","hentry"],"_links":{"self":[{"href":"https:\/\/lade.websitesunum.com.tr\/nl\/wp-json\/wp\/v2\/pages\/149","targetHints":{"allow":["GET"]}}],"collection":[{"href":"https:\/\/lade.websitesunum.com.tr\/nl\/wp-json\/wp\/v2\/pages"}],"about":[{"href":"https:\/\/lade.websitesunum.com.tr\/nl\/wp-json\/wp\/v2\/types\/page"}],"author":[{"embeddable":true,"href":"https:\/\/lade.websitesunum.com.tr\/nl\/wp-json\/wp\/v2\/users\/1"}],"replies":[{"embeddable":true,"href":"https:\/\/lade.websitesunum.com.tr\/nl\/wp-json\/wp\/v2\/comments?post=149"}],"version-history":[{"count":5,"href":"https:\/\/lade.websitesunum.com.tr\/nl\/wp-json\/wp\/v2\/pages\/149\/revisions"}],"predecessor-version":[{"id":155,"href":"https:\/\/lade.websitesunum.com.tr\/nl\/wp-json\/wp\/v2\/pages\/149\/revisions\/155"}],"wp:attachment":[{"href":"https:\/\/lade.websitesunum.com.tr\/nl\/wp-json\/wp\/v2\/media?parent=149"}],"curies":[{"name":"wp","href":"https:\/\/api.w.org\/{rel}","templated":true}]}}